{"id":118,"date":"2018-07-19T12:39:42","date_gmt":"2018-07-19T15:39:42","guid":{"rendered":"http:\/\/clinica.fgr.org.br\/?page_id=118"},"modified":"2020-05-12T19:26:52","modified_gmt":"2020-05-12T22:26:52","slug":"corpo-clinico","status":"publish","type":"page","link":"https:\/\/clinica.fgr.org.br\/?page_id=118","title":{"rendered":"CORPO CL\u00cdNICO"},"content":{"rendered":"\t\t<div data-elementor-type=\"wp-post\" data-elementor-id=\"118\" class=\"elementor elementor-118 elementor-bc-flex-widget\">\n\t\t\t\t\t\t<div class=\"elementor-inner\">\n\t\t\t\t<div class=\"elementor-section-wrap\">\n\t\t\t\t\t\t\t\t\t<section class=\"elementor-section elementor-top-section elementor-element elementor-element-760a72c7 elementor-section-boxed elementor-section-height-default elementor-section-height-default\" data-id=\"760a72c7\" data-element_type=\"section\">\n\t\t\t\t\t\t<div class=\"elementor-container elementor-column-gap-default\">\n\t\t\t\t\t\t\t<div class=\"elementor-row\">\n\t\t\t\t\t<div class=\"elementor-column elementor-col-50 elementor-top-column elementor-element elementor-element-2449010\" data-id=\"2449010\" data-element_type=\"column\">\n\t\t\t<div class=\"elementor-column-wrap elementor-element-populated\">\n\t\t\t\t\t\t\t<div class=\"elementor-widget-wrap\">\n\t\t\t\t\t\t<div class=\"elementor-element elementor-element-49e6a676 elementor-widget elementor-widget-image\" data-id=\"49e6a676\" data-element_type=\"widget\" data-widget_type=\"image.default\">\n\t\t\t\t<div class=\"elementor-widget-container\">\n\t\t\t\t\t\t\t\t<div class=\"elementor-image\">\n\t\t\t\t\t\t\t\t\t\t\t\t<img width=\"300\" height=\"146\" src=\"https:\/\/clinica.fgr.org.br\/wp-content\/uploads\/2018\/07\/clinica-FGR-logomarca-oficial-300x146.png\" class=\"attachment-medium size-medium\" alt=\"\" loading=\"lazy\" srcset=\"https:\/\/clinica.fgr.org.br\/wp-content\/uploads\/2018\/07\/clinica-FGR-logomarca-oficial-300x146.png 300w, https:\/\/clinica.fgr.org.br\/wp-content\/uploads\/2018\/07\/clinica-FGR-logomarca-oficial.png 647w\" sizes=\"(max-width: 300px) 100vw, 300px\" \/>\t\t\t\t\t\t\t\t\t\t\t\t\t\t<\/div>\n\t\t\t\t\t\t<\/div>\n\t\t\t\t<\/div>\n\t\t\t\t\t\t<\/div>\n\t\t\t\t\t<\/div>\n\t\t<\/div>\n\t\t\t\t<div class=\"elementor-column elementor-col-50 elementor-top-column elementor-element elementor-element-33b8a347\" data-id=\"33b8a347\" data-element_type=\"column\">\n\t\t\t<div class=\"elementor-column-wrap elementor-element-populated\">\n\t\t\t\t\t\t\t<div class=\"elementor-widget-wrap\">\n\t\t\t\t\t\t<div class=\"elementor-element elementor-element-4c6f66f2 elementor-invisible elementor-widget elementor-widget-heading\" data-id=\"4c6f66f2\" data-element_type=\"widget\" data-settings=\"{&quot;_animation&quot;:&quot;fadeIn&quot;}\" data-widget_type=\"heading.default\">\n\t\t\t\t<div class=\"elementor-widget-container\">\n\t\t\t<h2 class=\"elementor-heading-title elementor-size-default\">Bem-vindo a Cl\u00ednica de Sa\u00fade FGR<\/h2>\t\t<\/div>\n\t\t\t\t<\/div>\n\t\t\t\t\t\t<\/div>\n\t\t\t\t\t<\/div>\n\t\t<\/div>\n\t\t\t\t\t\t\t\t<\/div>\n\t\t\t\t\t<\/div>\n\t\t<\/section>\n\t\t\t\t<section class=\"elementor-section elementor-top-section elementor-element elementor-element-3ebccb69 elementor-section-full_width elementor-section-height-default elementor-section-height-default\" data-id=\"3ebccb69\" data-element_type=\"section\" data-settings=\"{&quot;background_background&quot;:&quot;classic&quot;}\">\n\t\t\t\t\t\t\t<div class=\"elementor-background-overlay\"><\/div>\n\t\t\t\t\t\t\t<div class=\"elementor-container elementor-column-gap-no\">\n\t\t\t\t\t\t\t<div class=\"elementor-row\">\n\t\t\t\t\t<header class=\"elementor-column elementor-col-100 elementor-top-column elementor-element elementor-element-6d5c57ce\" data-id=\"6d5c57ce\" data-element_type=\"column\" data-settings=\"{&quot;background_background&quot;:&quot;classic&quot;}\">\n\t\t\t<div class=\"elementor-column-wrap\">\n\t\t\t\t\t\t\t<div class=\"elementor-widget-wrap\">\n\t\t\t\t\t\t\t\t<\/div>\n\t\t\t\t\t<\/div>\n\t\t<\/header>\n\t\t\t\t\t\t\t\t<\/div>\n\t\t\t\t\t<\/div>\n\t\t<\/section>\n\t\t\t\t<section class=\"elementor-section elementor-top-section elementor-element elementor-element-62113f21 elementor-section-boxed elementor-section-height-default elementor-section-height-default\" data-id=\"62113f21\" data-element_type=\"section\" data-settings=\"{&quot;background_background&quot;:&quot;classic&quot;}\">\n\t\t\t\t\t\t<div class=\"elementor-container elementor-column-gap-no\">\n\t\t\t\t\t\t\t<div class=\"elementor-row\">\n\t\t\t\t\t<div class=\"elementor-column elementor-col-50 elementor-top-column elementor-element elementor-element-182a98ab\" data-id=\"182a98ab\" data-element_type=\"column\">\n\t\t\t<div class=\"elementor-column-wrap elementor-element-populated\">\n\t\t\t\t\t\t\t<div class=\"elementor-widget-wrap\">\n\t\t\t\t\t\t<div class=\"elementor-element elementor-element-6e018a31 elementor-widget elementor-widget-heading\" data-id=\"6e018a31\" data-element_type=\"widget\" data-widget_type=\"heading.default\">\n\t\t\t\t<div class=\"elementor-widget-container\">\n\t\t\t<h4 class=\"elementor-heading-title elementor-size-default\"><h4 data-elementor-setting-key=\"title\" data-pen-placeholder=\"ESPECIALIDADES M\u00c9DICAS\" style=\"font-variant-ligatures: normal; font-variant-caps: normal; line-height: 1; font-size: 30px; font-style: normal; color: rgb(35, 164, 85); text-transform: uppercase; letter-spacing: 1px; text-align: center;\">CORPO CL\u00cdNICO<\/h4><\/h4>\t\t<\/div>\n\t\t\t\t<\/div>\n\t\t\t\t<div class=\"elementor-element elementor-element-620de39 elementor-widget elementor-widget-image\" data-id=\"620de39\" data-element_type=\"widget\" data-widget_type=\"image.default\">\n\t\t\t\t<div class=\"elementor-widget-container\">\n\t\t\t\t\t\t\t\t<div class=\"elementor-image\">\n\t\t\t\t\t\t\t\t\t\t\t\t<img width=\"1024\" height=\"696\" src=\"https:\/\/clinica.fgr.org.br\/wp-content\/uploads\/2018\/07\/99443_32921-1024x696.jpeg\" class=\"attachment-large size-large\" alt=\"\" loading=\"lazy\" srcset=\"https:\/\/clinica.fgr.org.br\/wp-content\/uploads\/2018\/07\/99443_32921-1024x696.jpeg 1024w, https:\/\/clinica.fgr.org.br\/wp-content\/uploads\/2018\/07\/99443_32921-300x204.jpeg 300w, https:\/\/clinica.fgr.org.br\/wp-content\/uploads\/2018\/07\/99443_32921-768x522.jpeg 768w\" sizes=\"(max-width: 1024px) 100vw, 1024px\" \/>\t\t\t\t\t\t\t\t\t\t\t\t\t\t<\/div>\n\t\t\t\t\t\t<\/div>\n\t\t\t\t<\/div>\n\t\t\t\t\t\t<\/div>\n\t\t\t\t\t<\/div>\n\t\t<\/div>\n\t\t\t\t<article class=\"elementor-column elementor-col-50 elementor-top-column elementor-element elementor-element-7d8b79e1\" data-id=\"7d8b79e1\" data-element_type=\"column\">\n\t\t\t<div class=\"elementor-column-wrap elementor-element-populated\">\n\t\t\t\t\t\t\t<div class=\"elementor-widget-wrap\">\n\t\t\t\t\t\t<section class=\"elementor-section elementor-inner-section elementor-element elementor-element-af7aba3 elementor-section-boxed elementor-section-height-default elementor-section-height-default\" data-id=\"af7aba3\" data-element_type=\"section\">\n\t\t\t\t\t\t<div class=\"elementor-container elementor-column-gap-default\">\n\t\t\t\t\t\t\t<div class=\"elementor-row\">\n\t\t\t\t\t<div class=\"elementor-column elementor-col-100 elementor-inner-column elementor-element elementor-element-6871c3b\" data-id=\"6871c3b\" data-element_type=\"column\">\n\t\t\t<div class=\"elementor-column-wrap elementor-element-populated\">\n\t\t\t\t\t\t\t<div class=\"elementor-widget-wrap\">\n\t\t\t\t\t\t<div class=\"elementor-element elementor-element-c6589e8 elementor-widget elementor-widget-text-editor\" data-id=\"c6589e8\" data-element_type=\"widget\" data-widget_type=\"text-editor.default\">\n\t\t\t\t<div class=\"elementor-widget-container\">\n\t\t\t\t\t\t\t\t<div class=\"elementor-text-editor elementor-clearfix\">\n\t\t\t\t<h3 style=\"text-align: center;\"><strong>Nome \/ Especialidade<\/strong><\/h3><p style=\"text-align: center;\"><strong>Andrea Belvino Povoa<\/strong><\/p><p style=\"text-align: center;\">Cl\u00ednica M\u00e9dica \/ Dermato<\/p><p style=\"text-align: center;\"><strong>Anna Paola de O Menezes Rocha<\/strong><\/p><p style=\"text-align: center;\">Cardiologia<\/p><p style=\"text-align: center;\"><strong>Aretusa Guedes de Azevedo<\/strong><\/p><p style=\"text-align: center;\">Pediatria<\/p><p style=\"text-align: center;\"><strong>Camila de Moura Dias<\/strong><\/p><p style=\"text-align: center;\">Obstetr\u00edcia \/ Ginecologia<\/p><p style=\"text-align: center;\"><strong>Cintia Barros de Queiroz<\/strong><\/p><p style=\"text-align: center;\">Dermatologia<\/p><p style=\"text-align: center;\"><strong>Cynthia Lopes Alfredo<\/strong><\/p><p style=\"text-align: center;\">Gastroenterologia<\/p><p style=\"text-align: center;\"><strong>Daniela Nazih Danif<\/strong><\/p><p style=\"text-align: center;\">Oftalmologia \/ C\u00f3rnea<\/p><p style=\"text-align: center;\"><strong>Elzilene Cardoso Fonseca da Cruz<\/strong><\/p><p style=\"text-align: center;\">Ginecologia<\/p><p style=\"text-align: center;\"><strong>Fabiene Bernardes Castro Vale<\/strong><\/p><p style=\"text-align: center;\">Ginecologia\/Sexologia<\/p><p style=\"text-align: center;\"><strong>Francine Guerra da Cruz<\/strong><\/p><p style=\"text-align: center;\">Cardiologia<\/p><p style=\"text-align: center;\"><strong>Glaucia Maria Mendes de O C\u00e2mara<\/strong><\/p><p style=\"text-align: center;\">Dermatologia<\/p><p style=\"text-align: center;\"><strong>Gustavo Augusto Fuscaldi dos Santos<\/strong><\/p><p style=\"text-align: center;\">Oftalmologia \/ Retina<\/p><p style=\"text-align: center;\"><strong>Isa\u00edas Fonseca de Almeida (RT)<\/strong><\/p><p style=\"text-align: center;\">Cardiologia<\/p><p style=\"text-align: center;\"><strong>Jaqueline Gon\u00e7alves Nonaka<\/strong><\/p><p style=\"text-align: center;\">Mastologia<\/p><p style=\"text-align: center;\"><strong>Jordane Borges<\/strong><\/p><p style=\"text-align: center;\">Cardiologia<\/p><p style=\"text-align: center;\"><strong>J\u00falia Cabaleiro H Cardoso<\/strong><\/p><p style=\"text-align: center;\">Oftalmologia \/ Glaucoma<\/p><p style=\"text-align: center;\"><strong>Lahis Cristina Bragan\u00e7a e Souza<\/strong><\/p><p style=\"text-align: center;\">Neurologia<\/p><p style=\"text-align: center;\"><strong>Let\u00edcia Carvalho de Mello<\/strong><\/p><p style=\"text-align: center;\">Cardiologia<\/p><p style=\"text-align: center;\"><strong>L\u00edvia Maria Pinheiro Moreira<\/strong><\/p><p style=\"text-align: center;\">Endocrinologia<\/p><p style=\"text-align: center;\"><strong>Luciana Barbosa de Menezes<\/strong><\/p><p style=\"text-align: center;\">Anestesiologia<\/p><p style=\"text-align: center;\"><strong>Luiza Paulino Guerra<\/strong><\/p><p style=\"text-align: center;\">Endocrinologia<\/p><p style=\"text-align: center;\"><strong>Maria Clara Magni Ferreira<\/strong><\/p><p style=\"text-align: center;\">Obstetr\u00edcia \/ Ginecologia<\/p><p style=\"text-align: center;\"><strong>Pedro Henrique Tannure Saraiva<\/strong><\/p><p style=\"text-align: center;\">Obstetr\u00edcia \/ Ginecologia<\/p><p style=\"text-align: center;\"><strong>Renata Reis M Santos<\/strong><\/p><p style=\"text-align: center;\">Endocrinologia<\/p><p style=\"text-align: center;\"><strong>Rodrigo Alves de S\u00e1<\/strong><\/p><p style=\"text-align: center;\">Ginecologia<\/p><p style=\"text-align: center;\"><strong>Sandoval Lopo de Abreu<\/strong><\/p><p style=\"text-align: center;\">Otorrinolaringologia<\/p><p style=\"text-align: center;\"><strong>Terges Penajoia C Teixeira<\/strong><\/p><p style=\"text-align: center;\">Urologia<\/p><p style=\"text-align: center;\"><strong>Val\u00e9ria Vieira Machado dos Santos<\/strong><\/p><p style=\"text-align: center;\">Cl\u00ednica M\u00e9dica<\/p><p style=\"text-align: center;\"><strong>Vanessa Belo de Assis Brand\u00e3o<\/strong><\/p><p style=\"text-align: center;\">Nefrologia<\/p><p style=\"text-align: center;\">\u00a0<\/p>\t\t\t\t\t<\/div>\n\t\t\t\t\t\t<\/div>\n\t\t\t\t<\/div>\n\t\t\t\t\t\t<\/div>\n\t\t\t\t\t<\/div>\n\t\t<\/div>\n\t\t\t\t\t\t\t\t<\/div>\n\t\t\t\t\t<\/div>\n\t\t<\/section>\n\t\t\t\t\t\t<\/div>\n\t\t\t\t\t<\/div>\n\t\t<\/article>\n\t\t\t\t\t\t\t\t<\/div>\n\t\t\t\t\t<\/div>\n\t\t<\/section>\n\t\t\t\t<section class=\"elementor-section elementor-top-section elementor-element elementor-element-2ca5f63 elementor-section-boxed elementor-section-height-default elementor-section-height-default\" data-id=\"2ca5f63\" data-element_type=\"section\">\n\t\t\t\t\t\t<div class=\"elementor-container elementor-column-gap-default\">\n\t\t\t\t\t\t\t<div class=\"elementor-row\">\n\t\t\t\t\t<div class=\"elementor-column elementor-col-100 elementor-top-column elementor-element elementor-element-9569dcd\" data-id=\"9569dcd\" data-element_type=\"column\">\n\t\t\t<div class=\"elementor-column-wrap elementor-element-populated\">\n\t\t\t\t\t\t\t<div class=\"elementor-widget-wrap\">\n\t\t\t\t\t\t<div class=\"elementor-element elementor-element-46b39ff elementor-widget elementor-widget-shortcode\" data-id=\"46b39ff\" data-element_type=\"widget\" data-widget_type=\"shortcode.default\">\n\t\t\t\t<div class=\"elementor-widget-container\">\n\t\t\t\t\t<div class=\"elementor-shortcode\">\t\t<div data-elementor-type=\"wp-post\" data-elementor-id=\"574\" class=\"elementor elementor-574\">\n\t\t\t\t\t\t<div class=\"elementor-inner\">\n\t\t\t\t<div class=\"elementor-section-wrap\">\n\t\t\t\t\t\t\t\t\t<footer class=\"elementor-section elementor-top-section elementor-element elementor-element-56a6312a elementor-section-full_width elementor-section-stretched elementor-section-height-default elementor-section-height-default\" data-id=\"56a6312a\" data-element_type=\"section\" data-settings=\"{&quot;background_background&quot;:&quot;classic&quot;,&quot;stretch_section&quot;:&quot;section-stretched&quot;}\">\n\t\t\t\t\t\t<div class=\"elementor-container elementor-column-gap-no\">\n\t\t\t\t\t\t\t<div class=\"elementor-row\">\n\t\t\t\t\t<header class=\"elementor-column elementor-col-25 elementor-top-column elementor-element elementor-element-1a4a012b\" data-id=\"1a4a012b\" data-element_type=\"column\">\n\t\t\t<div class=\"elementor-column-wrap elementor-element-populated\">\n\t\t\t\t\t\t\t<div class=\"elementor-widget-wrap\">\n\t\t\t\t\t\t<div class=\"elementor-element elementor-element-5e1226ff elementor-widget elementor-widget-text-editor\" data-id=\"5e1226ff\" data-element_type=\"widget\" data-widget_type=\"text-editor.default\">\n\t\t\t\t<div class=\"elementor-widget-container\">\n\t\t\t\t\t\t\t\t<div class=\"elementor-text-editor elementor-clearfix\">\n\t\t\t\t<h2 style=\"text-align: center;\"><span style=\"color: #ffffff; font-weight: normal;\">Acesso R\u00e1pido<\/span><\/h2>\t\t\t\t\t<\/div>\n\t\t\t\t\t\t<\/div>\n\t\t\t\t<\/div>\n\t\t\t\t<div class=\"elementor-element elementor-element-20d80ff6 elementor-widget elementor-widget-wp-widget-nav_menu\" data-id=\"20d80ff6\" data-element_type=\"widget\" data-widget_type=\"wp-widget-nav_menu.default\">\n\t\t\t\t<div class=\"elementor-widget-container\">\n\t\t\t<div class=\"menu-menu-clinica-container\"><ul id=\"menu-menu-clinica\" class=\"menu\"><li id=\"menu-item-120\" class=\"menu-item menu-item-type-post_type menu-item-object-page menu-item-home menu-item-120\"><a href=\"https:\/\/clinica.fgr.org.br\/\">IN\u00cdCIO<\/a><\/li>\n<li id=\"menu-item-143\" class=\"menu-item menu-item-type-post_type menu-item-object-page menu-item-143\"><a href=\"https:\/\/clinica.fgr.org.br\/?page_id=111\">QUEM SOMOS<\/a><\/li>\n<li id=\"menu-item-448\" class=\"menu-item menu-item-type-custom menu-item-object-custom menu-item-has-children menu-item-448\"><a href=\"https:\/\/clinica.fgr.org.br\/agendamento\/paciente\/conta\/login\">CONSULTAS<\/a>\n<ul class=\"sub-menu\">\n\t<li id=\"menu-item-126\" class=\"menu-item menu-item-type-post_type menu-item-object-page menu-item-126\"><a href=\"https:\/\/clinica.fgr.org.br\/?page_id=119\">CONV\u00caNIOS<\/a><\/li>\n\t<li id=\"menu-item-124\" class=\"menu-item menu-item-type-post_type menu-item-object-page menu-item-124\"><a href=\"https:\/\/clinica.fgr.org.br\/?page_id=117\">ESPECIALIDADES M\u00c9DICAS<\/a><\/li>\n\t<li id=\"menu-item-125\" class=\"menu-item menu-item-type-post_type menu-item-object-page menu-item-125\"><a href=\"https:\/\/clinica.fgr.org.br\/?page_id=118\">CORPO CL\u00cdNICO<\/a><\/li>\n<\/ul>\n<\/li>\n<li id=\"menu-item-146\" class=\"menu-item menu-item-type-post_type menu-item-object-page menu-item-146\"><a href=\"https:\/\/clinica.fgr.org.br\/?page_id=144\">FALE CONOSCO<\/a><\/li>\n<\/ul><\/div>\t\t<\/div>\n\t\t\t\t<\/div>\n\t\t\t\t\t\t<\/div>\n\t\t\t\t\t<\/div>\n\t\t<\/header>\n\t\t\t\t<header class=\"elementor-column elementor-col-25 elementor-top-column elementor-element elementor-element-38d234bc\" data-id=\"38d234bc\" data-element_type=\"column\">\n\t\t\t<div class=\"elementor-column-wrap elementor-element-populated\">\n\t\t\t\t\t\t\t<div class=\"elementor-widget-wrap\">\n\t\t\t\t\t\t<div class=\"elementor-element elementor-element-75071e78 elementor-view-default elementor-widget elementor-widget-icon\" data-id=\"75071e78\" data-element_type=\"widget\" data-widget_type=\"icon.default\">\n\t\t\t\t<div class=\"elementor-widget-container\">\n\t\t\t\t\t<div class=\"elementor-icon-wrapper\">\n\t\t\t<div class=\"elementor-icon\">\n\t\t\t\t\t\t\t<i class=\"fa fa-phone-square\" aria-hidden=\"true\"><\/i>\n\t\t\t\t\t\t<\/div>\n\t\t<\/div>\n\t\t\t\t<\/div>\n\t\t\t\t<\/div>\n\t\t\t\t<div class=\"elementor-element elementor-element-5c89b32e elementor-widget elementor-widget-text-editor\" data-id=\"5c89b32e\" data-element_type=\"widget\" data-widget_type=\"text-editor.default\">\n\t\t\t\t<div class=\"elementor-widget-container\">\n\t\t\t\t\t\t\t\t<div class=\"elementor-text-editor elementor-clearfix\">\n\t\t\t\t<p><span style=\"color: #ffffff;\"><strong>Telefones:<\/strong><\/span><\/p>\t\t\t\t\t<\/div>\n\t\t\t\t\t\t<\/div>\n\t\t\t\t<\/div>\n\t\t\t\t<div class=\"elementor-element elementor-element-5e075634 elementor-widget elementor-widget-text-editor\" data-id=\"5e075634\" data-element_type=\"widget\" data-widget_type=\"text-editor.default\">\n\t\t\t\t<div class=\"elementor-widget-container\">\n\t\t\t\t\t\t\t\t<div class=\"elementor-text-editor elementor-clearfix\">\n\t\t\t\t<p><span style=\"color: #ffffff;\"><strong>(31) 3217-0400<\/strong><\/span><\/p>\t\t\t\t\t<\/div>\n\t\t\t\t\t\t<\/div>\n\t\t\t\t<\/div>\n\t\t\t\t<div class=\"elementor-element elementor-element-36376700 elementor-view-default elementor-widget elementor-widget-icon\" data-id=\"36376700\" data-element_type=\"widget\" data-widget_type=\"icon.default\">\n\t\t\t\t<div class=\"elementor-widget-container\">\n\t\t\t\t\t<div class=\"elementor-icon-wrapper\">\n\t\t\t<div class=\"elementor-icon\">\n\t\t\t\t\t\t\t<i class=\"fa fa-whatsapp\" aria-hidden=\"true\"><\/i>\n\t\t\t\t\t\t<\/div>\n\t\t<\/div>\n\t\t\t\t<\/div>\n\t\t\t\t<\/div>\n\t\t\t\t<div class=\"elementor-element elementor-element-66200086 elementor-widget elementor-widget-text-editor\" data-id=\"66200086\" data-element_type=\"widget\" data-widget_type=\"text-editor.default\">\n\t\t\t\t<div class=\"elementor-widget-container\">\n\t\t\t\t\t\t\t\t<div class=\"elementor-text-editor elementor-clearfix\">\n\t\t\t\t<p><span style=\"color: #ffffff;\">Whatsapp:<\/span><\/p><p><span style=\"font-size: 14px; color: #ffffff;\">(31) <strong>98978-3342<\/strong><\/span><\/p><p><span style=\"font-size: 14px; color: #ffffff;\">(31)<\/span><b style=\"font-size: 14px; color: #ffffff;\"> 98511-2755<\/b><\/p>\t\t\t\t\t<\/div>\n\t\t\t\t\t\t<\/div>\n\t\t\t\t<\/div>\n\t\t\t\t\t\t<\/div>\n\t\t\t\t\t<\/div>\n\t\t<\/header>\n\t\t\t\t<header class=\"elementor-column elementor-col-25 elementor-top-column elementor-element elementor-element-1721559a\" data-id=\"1721559a\" data-element_type=\"column\">\n\t\t\t<div class=\"elementor-column-wrap elementor-element-populated\">\n\t\t\t\t\t\t\t<div class=\"elementor-widget-wrap\">\n\t\t\t\t\t\t<div class=\"elementor-element elementor-element-616aecb9 elementor-shape-rounded elementor-grid-0 e-grid-align-center elementor-widget elementor-widget-social-icons\" data-id=\"616aecb9\" data-element_type=\"widget\" data-widget_type=\"social-icons.default\">\n\t\t\t\t<div class=\"elementor-widget-container\">\n\t\t\t\t\t<div class=\"elementor-social-icons-wrapper elementor-grid\">\n\t\t\t\t\t\t\t<span class=\"elementor-grid-item\">\n\t\t\t\t\t<a class=\"elementor-icon elementor-social-icon elementor-social-icon-facebook elementor-repeater-item-44e1353\" href=\"https:\/\/pt-br.facebook.com\/www.clinicadesaudefgr.org.br\" target=\"_blank\">\n\t\t\t\t\t\t<span class=\"elementor-screen-only\">Facebook<\/span>\n\t\t\t\t\t\t\t\t\t\t\t\t\t<i class=\"fa fa-facebook\"><\/i>\n\t\t\t\t\t\t\t\t\t\t\t<\/a>\n\t\t\t\t<\/span>\n\t\t\t\t\t<\/div>\n\t\t\t\t<\/div>\n\t\t\t\t<\/div>\n\t\t\t\t<div class=\"elementor-element elementor-element-6d6c0afe elementor-widget elementor-widget-text-editor\" data-id=\"6d6c0afe\" data-element_type=\"widget\" data-widget_type=\"text-editor.default\">\n\t\t\t\t<div class=\"elementor-widget-container\">\n\t\t\t\t\t\t\t\t<div class=\"elementor-text-editor elementor-clearfix\">\n\t\t\t\t<p style=\"text-align: center;\"><strong><span style=\"font-family: Roboto, sans-serif; font-size: 14px; font-style: normal; font-variant-ligatures: normal; font-variant-caps: normal; color: #ffffff;\">Facebook<\/span><\/strong><\/p>\t\t\t\t\t<\/div>\n\t\t\t\t\t\t<\/div>\n\t\t\t\t<\/div>\n\t\t\t\t<div class=\"elementor-element elementor-element-70eb3c31 elementor-view-default elementor-widget elementor-widget-icon\" data-id=\"70eb3c31\" data-element_type=\"widget\" data-widget_type=\"icon.default\">\n\t\t\t\t<div class=\"elementor-widget-container\">\n\t\t\t\t\t<div class=\"elementor-icon-wrapper\">\n\t\t\t<div class=\"elementor-icon\">\n\t\t\t\t\t\t\t<i class=\"fa fa-envelope\" aria-hidden=\"true\"><\/i>\n\t\t\t\t\t\t<\/div>\n\t\t<\/div>\n\t\t\t\t<\/div>\n\t\t\t\t<\/div>\n\t\t\t\t<div class=\"elementor-element elementor-element-4d7b9fd2 elementor-widget elementor-widget-text-editor\" data-id=\"4d7b9fd2\" data-element_type=\"widget\" data-widget_type=\"text-editor.default\">\n\t\t\t\t<div class=\"elementor-widget-container\">\n\t\t\t\t\t\t\t\t<div class=\"elementor-text-editor elementor-clearfix\">\n\t\t\t\t<h1 style=\"text-align: center;\"><span style=\"color: #ffffff;\"><strong><span style=\"font-family: Roboto, sans-serif; font-size: 14px; font-style: normal; font-variant-ligatures: normal; font-variant-caps: normal;\">Email:<\/span><\/strong><\/span><\/h1>\t\t\t\t\t<\/div>\n\t\t\t\t\t\t<\/div>\n\t\t\t\t<\/div>\n\t\t\t\t<div class=\"elementor-element elementor-element-18c74401 elementor-widget elementor-widget-text-editor\" data-id=\"18c74401\" data-element_type=\"widget\" data-widget_type=\"text-editor.default\">\n\t\t\t\t<div class=\"elementor-widget-container\">\n\t\t\t\t\t\t\t\t<div class=\"elementor-text-editor elementor-clearfix\">\n\t\t\t\t<h6 style=\"text-align: center;\"><em><a style=\"font-weight: normal;\" href=\"mailto:clinicadesaude@fgr.org.br\">clinicadesaude@fgr.org.br<\/a><\/em><\/h6>\t\t\t\t\t<\/div>\n\t\t\t\t\t\t<\/div>\n\t\t\t\t<\/div>\n\t\t\t\t\t\t<\/div>\n\t\t\t\t\t<\/div>\n\t\t<\/header>\n\t\t\t\t<div class=\"elementor-column elementor-col-25 elementor-top-column elementor-element elementor-element-40b43b8e\" data-id=\"40b43b8e\" data-element_type=\"column\">\n\t\t\t<div class=\"elementor-column-wrap elementor-element-populated\">\n\t\t\t\t\t\t\t<div class=\"elementor-widget-wrap\">\n\t\t\t\t\t\t<div class=\"elementor-element elementor-element-58673985 elementor-widget elementor-widget-text-editor\" data-id=\"58673985\" data-element_type=\"widget\" data-widget_type=\"text-editor.default\">\n\t\t\t\t<div class=\"elementor-widget-container\">\n\t\t\t\t\t\t\t\t<div class=\"elementor-text-editor elementor-clearfix\">\n\t\t\t\t<p><span style=\"color: #ffffff;\">Endere\u00e7o da Cl\u00ednica FGR:<\/span><\/p><p><span style=\"color: #ffffff;\">Rua Levi Coelho, n\u00ba 43, 2\u00ba andar \u2013 Santa Efig\u00eania (em frente ao Pronto Socorro do Hospital da Pol\u00edcia Militar).<\/span><\/p>\t\t\t\t\t<\/div>\n\t\t\t\t\t\t<\/div>\n\t\t\t\t<\/div>\n\t\t\t\t<div class=\"elementor-element elementor-element-64a34cc3 elementor-widget elementor-widget-text-editor\" data-id=\"64a34cc3\" data-element_type=\"widget\" data-widget_type=\"text-editor.default\">\n\t\t\t\t<div class=\"elementor-widget-container\">\n\t\t\t\t\t\t\t\t<div class=\"elementor-text-editor elementor-clearfix\">\n\t\t\t\t<p style=\"text-align: center;\"><span style=\"color: #f7f7f7; font-family: Roboto, sans-serif; font-size: 10px; font-style: normal; font-variant-ligatures: normal; font-variant-caps: normal; font-weight: 400; text-align: center;\">Site Oficial da Cl\u00ednica de Sa\u00fade FGR | Copyright \u00a9 2018 | Todos os direitos reservados<\/span><\/p>\t\t\t\t\t<\/div>\n\t\t\t\t\t\t<\/div>\n\t\t\t\t<\/div>\n\t\t\t\t\t\t<\/div>\n\t\t\t\t\t<\/div>\n\t\t<\/div>\n\t\t\t\t\t\t\t\t<\/div>\n\t\t\t\t\t<\/div>\n\t\t<\/footer>\n\t\t\t\t\t\t\t\t\t<\/div>\n\t\t\t<\/div>\n\t\t\t\t\t<\/div>\n\t\t<\/div>\n\t\t\t\t<\/div>\n\t\t\t\t<\/div>\n\t\t\t\t\t\t<\/div>\n\t\t\t\t\t<\/div>\n\t\t<\/div>\n\t\t\t\t\t\t\t\t<\/div>\n\t\t\t\t\t<\/div>\n\t\t<\/section>\n\t\t\t\t\t\t\t\t\t<\/div>\n\t\t\t<\/div>\n\t\t\t\t\t<\/div>\n\t\t","protected":false},"excerpt":{"rendered":"<p>Bem-vindo a Cl\u00ednica de Sa\u00fade FGR IN\u00cdCIO QUEM SOMOS CONSULTAS CONV\u00caNIOS ESPECIALIDADES M\u00c9DICAS CORPO CL\u00cdNICO FALE CONOSCO CORPO CL\u00cdNICO Nome \/ Especialidade Andrea Belvino Povoa Cl\u00ednica M\u00e9dica \/ Dermato Anna Paola de O Menezes Rocha Cardiologia Aretusa Guedes de Azevedo Pediatria Camila de Moura Dias Obstetr\u00edcia \/ Ginecologia Cintia Barros de Queiroz Dermatologia Cynthia Lopes [&hellip;]<\/p>\n","protected":false},"author":1,"featured_media":0,"parent":0,"menu_order":0,"comment_status":"closed","ping_status":"closed","template":"elementor_canvas","meta":[],"_links":{"self":[{"href":"https:\/\/clinica.fgr.org.br\/index.php?rest_route=\/wp\/v2\/pages\/118"}],"collection":[{"href":"https:\/\/clinica.fgr.org.br\/index.php?rest_route=\/wp\/v2\/pages"}],"about":[{"href":"https:\/\/clinica.fgr.org.br\/index.php?rest_route=\/wp\/v2\/types\/page"}],"author":[{"embeddable":true,"href":"https:\/\/clinica.fgr.org.br\/index.php?rest_route=\/wp\/v2\/users\/1"}],"replies":[{"embeddable":true,"href":"https:\/\/clinica.fgr.org.br\/index.php?rest_route=%2Fwp%2Fv2%2Fcomments&post=118"}],"version-history":[{"count":47,"href":"https:\/\/clinica.fgr.org.br\/index.php?rest_route=\/wp\/v2\/pages\/118\/revisions"}],"predecessor-version":[{"id":690,"href":"https:\/\/clinica.fgr.org.br\/index.php?rest_route=\/wp\/v2\/pages\/118\/revisions\/690"}],"wp:attachment":[{"href":"https:\/\/clinica.fgr.org.br\/index.php?rest_route=%2Fwp%2Fv2%2Fmedia&parent=118"}],"curies":[{"name":"wp","href":"https:\/\/api.w.org\/{rel}","templated":true}]}}